{"id":22471,"date":"2025-02-11T16:45:49","date_gmt":"2025-02-11T15:45:49","guid":{"rendered":"https:\/\/wec.is\/?page_id=22471"},"modified":"2025-03-01T21:05:08","modified_gmt":"2025-03-01T20:05:08","slug":"home-3","status":"publish","type":"page","link":"https:\/\/wec.is\/startseite\/home-3\/","title":{"rendered":"Startseite"},"content":{"rendered":"\t\t<div data-elementor-type=\"wp-post\" data-elementor-id=\"22471\" class=\"elementor elementor-22471\" data-elementor-post-type=\"page\">\n\t\t\t\t<div class=\"elementor-element elementor-element-1ac8520 e-flex e-con-boxed e-con e-parent\" data-id=\"1ac8520\" data-element_type=\"container\" data-e-type=\"container\">\n\t\t\t\t\t<div class=\"e-con-inner\">\n\t\t\t\t<div class=\"elementor-element elementor-element-bf11ff5 elementor-widget elementor-widget-heading\" data-id=\"bf11ff5\" data-element_type=\"widget\" data-e-type=\"widget\" data-widget_type=\"heading.default\">\n\t\t\t\t<div class=\"elementor-widget-container\">\n\t\t\t\t\t<h2 class=\"elementor-heading-title elementor-size-default\">HERZLICH WILLKOMMEN<\/h2>\t\t\t\t<\/div>\n\t\t\t\t<\/div>\n\t\t\t\t<div class=\"elementor-element elementor-element-9c76332 elementor-widget-divider--view-line elementor-widget elementor-widget-divider\" data-id=\"9c76332\" data-element_type=\"widget\" data-e-type=\"widget\" data-widget_type=\"divider.default\">\n\t\t\t\t<div class=\"elementor-widget-container\">\n\t\t\t\t\t\t\t<div class=\"elementor-divider\">\n\t\t\t<span class=\"elementor-divider-separator\">\n\t\t\t\t\t\t<\/span>\n\t\t<\/div>\n\t\t\t\t\t\t<\/div>\n\t\t\t\t<\/div>\n\t\t\t\t\t<\/div>\n\t\t\t\t<\/div>\n\t\t<div class=\"elementor-element elementor-element-c8446b7 e-con-full e-flex e-con e-parent\" data-id=\"c8446b7\" data-element_type=\"container\" data-e-type=\"container\">\n\t\t\t\t<div class=\"elementor-element elementor-element-7f1f755 elementor-widget elementor-widget-text-editor\" data-id=\"7f1f755\" data-element_type=\"widget\" data-e-type=\"widget\" data-widget_type=\"text-editor.default\">\n\t\t\t\t<div class=\"elementor-widget-container\">\n\t\t\t\t\t\t\t\t\t<p style=\"caret-color: #000000; color: #000000;\" data-start=\"29\" data-end=\"64\">Liebe Besucherinnen und Besucher,<\/p><p style=\"caret-color: #000000; color: #000000;\" data-start=\"66\" data-end=\"247\">unsere Website wird derzeit \u00fcberarbeitet, um Ihnen in K\u00fcrze ein noch besseres Nutzererlebnis zu bieten. Wir arbeiten mit Hochdruck daran, die Inhalte und Funktionen zu optimieren.<\/p><p style=\"caret-color: #000000; color: #000000;\" data-start=\"66\" data-end=\"247\">\u00a0<\/p><p style=\"caret-color: #000000; color: #000000;\" data-start=\"442\" data-end=\"554\">Vielen Dank f\u00fcr Ihr Verst\u00e4ndnis! Wir freuen uns darauf, Sie bald auf unserer neuen Website begr\u00fc\u00dfen zu d\u00fcrfen.<\/p><p style=\"caret-color: #000000; color: #000000;\" data-start=\"556\" data-end=\"577\" data-is-last-node=\"\"><strong data-start=\"556\" data-end=\"577\" data-is-last-node=\"\">Ihr WEC GmbH-Team<\/strong><\/p>\t\t\t\t\t\t\t\t<\/div>\n\t\t\t\t<\/div>\n\t\t\t\t<\/div>\n\t\t\t\t<\/div>\n\t\t","protected":false},"excerpt":{"rendered":"<p>HERZLICH WILLKOMMEN Liebe Besucherinnen und Besucher, unsere Website wird derzeit \u00fcberarbeitet, um Ihnen in K\u00fcrze ein noch besseres Nutzererlebnis zu bieten. Wir arbeiten mit Hochdruck daran, die Inhalte und Funktionen zu optimieren. \u00a0 Vielen Dank f\u00fcr Ihr Verst\u00e4ndnis! Wir freuen uns darauf, Sie bald auf unserer neuen Website begr\u00fc\u00dfen zu d\u00fcrfen. Ihr WEC GmbH-Team<\/p>\n","protected":false},"author":2,"featured_media":0,"parent":0,"menu_order":0,"comment_status":"closed","ping_status":"closed","template":"","meta":{"footnotes":""},"class_list":["post-22471","page","type-page","status-publish","hentry"],"_links":{"self":[{"href":"https:\/\/wec.is\/startseite\/wp-json\/wp\/v2\/pages\/22471","targetHints":{"allow":["GET"]}}],"collection":[{"href":"https:\/\/wec.is\/startseite\/wp-json\/wp\/v2\/pages"}],"about":[{"href":"https:\/\/wec.is\/startseite\/wp-json\/wp\/v2\/types\/page"}],"author":[{"embeddable":true,"href":"https:\/\/wec.is\/startseite\/wp-json\/wp\/v2\/users\/2"}],"replies":[{"embeddable":true,"href":"https:\/\/wec.is\/startseite\/wp-json\/wp\/v2\/comments?post=22471"}],"version-history":[{"count":17,"href":"https:\/\/wec.is\/startseite\/wp-json\/wp\/v2\/pages\/22471\/revisions"}],"predecessor-version":[{"id":23006,"href":"https:\/\/wec.is\/startseite\/wp-json\/wp\/v2\/pages\/22471\/revisions\/23006"}],"wp:attachment":[{"href":"https:\/\/wec.is\/startseite\/wp-json\/wp\/v2\/media?parent=22471"}],"curies":[{"name":"wp","href":"https:\/\/api.w.org\/{rel}","templated":true}]}}